{"id":126,"date":"2013-04-03T13:32:40","date_gmt":"2013-04-03T11:32:40","guid":{"rendered":"http:\/\/guid"},"modified":"2020-03-05T14:17:18","modified_gmt":"2020-03-05T13:17:18","slug":"ceg-adatai","status":"publish","type":"page","link":"https:\/\/www.multiszolg.hu\/?page_id=126","title":{"rendered":"C\u00e9g\u00fcnk adatai"},"content":{"rendered":"<p><strong>R\u00f6vid\u00edtett n\u00e9v:<\/strong> Multiszolg Bt.<br \/>\n<strong>Teljes n\u00e9v:<\/strong> Kuti Multi Szolg\u00e1ltat\u00f3 \u00e9s Kereskedelmi Bet\u00e9ti T\u00e1rsas\u00e1g<br \/>\n<strong>Sz\u00e9khely:<\/strong> Szentes, Arany J\u00e1nos u. 14.<\/p>\n<p><strong>Telefonsz\u00e1m:<\/strong> +36\/30\/535-1142<br \/>\n<strong>E-mail:<\/strong> kutif@multiszolg.hu<\/p>\n<p><strong>Ad\u00f3sz\u00e1m:<\/strong> 21625402-1-06<br \/>\n<strong>C\u00e9gbejegyz\u00e9s sz\u00e1ma:<\/strong> 06-06-000955<br \/>\n<strong>Banksz\u00e1mla sz\u00e1ma:<\/strong> 10402836-50526749-50831003 (K&amp;H Bank Zrt.)<\/p>\n","protected":false},"excerpt":{"rendered":"<p>R\u00f6vid\u00edtett n\u00e9v: Multiszolg Bt. Teljes n\u00e9v: Kuti Multi Szolg\u00e1ltat\u00f3 \u00e9s Kereskedelmi Bet\u00e9ti T\u00e1rsas\u00e1g Sz\u00e9khely: Szentes, Arany J\u00e1nos u. 14. Telefonsz\u00e1m: +36\/30\/535-1142 E-mail: kutif@multiszolg.hu Ad\u00f3sz\u00e1m: 21625402-1-06 C\u00e9gbejegyz\u00e9s sz\u00e1ma: 06-06-000955 Banksz\u00e1mla sz\u00e1ma: 10402836-50526749-50831003 (K&amp;H Bank Zrt.)<\/p>\n","protected":false},"author":1,"featured_media":0,"parent":0,"menu_order":0,"comment_status":"closed","ping_status":"open","template":"","meta":{"footnotes":""},"class_list":["post-126","page","type-page","status-publish","hentry"],"_links":{"self":[{"href":"https:\/\/www.multiszolg.hu\/index.php?rest_route=\/wp\/v2\/pages\/126","targetHints":{"allow":["GET"]}}],"collection":[{"href":"https:\/\/www.multiszolg.hu\/index.php?rest_route=\/wp\/v2\/pages"}],"about":[{"href":"https:\/\/www.multiszolg.hu\/index.php?rest_route=\/wp\/v2\/types\/page"}],"author":[{"embeddable":true,"href":"https:\/\/www.multiszolg.hu\/index.php?rest_route=\/wp\/v2\/users\/1"}],"replies":[{"embeddable":true,"href":"https:\/\/www.multiszolg.hu\/index.php?rest_route=%2Fwp%2Fv2%2Fcomments&post=126"}],"version-history":[{"count":7,"href":"https:\/\/www.multiszolg.hu\/index.php?rest_route=\/wp\/v2\/pages\/126\/revisions"}],"predecessor-version":[{"id":558,"href":"https:\/\/www.multiszolg.hu\/index.php?rest_route=\/wp\/v2\/pages\/126\/revisions\/558"}],"wp:attachment":[{"href":"https:\/\/www.multiszolg.hu\/index.php?rest_route=%2Fwp%2Fv2%2Fmedia&parent=126"}],"curies":[{"name":"wp","href":"https:\/\/api.w.org\/{rel}","templated":true}]}}