{"id":34,"date":"2013-03-28T11:27:45","date_gmt":"2013-03-28T10:27:45","guid":{"rendered":"http:\/\/guid"},"modified":"2025-03-05T09:47:30","modified_gmt":"2025-03-05T08:47:30","slug":"kapcsolat","status":"publish","type":"page","link":"https:\/\/www.multiszolg.hu\/?page_id=34","title":{"rendered":"Kapcsolat"},"content":{"rendered":"\n<p>Kuti Ferenc<br>\nTelefon: +36\/30\/535-1142<br>\nE-mail: kutif@multiszolg.hu<\/p>\n\n\n\n<p><strong>informatikai t\u00e9m\u00e1val kapcsolatban keresse t\u00e1rsoldalunkat, kattintson ide:<\/strong><\/p>\n\n\n\n<figure class=\"wp-block-image\"><a href=\"http:\/\/www.multiker.hu\/\"><img loading=\"lazy\" decoding=\"async\" width=\"188\" height=\"56\" src=\"http:\/\/www.multiszolg.hu\/wp-content\/uploads\/2019\/12\/multiker_logo_5.jpg\" alt=\"\" class=\"wp-image-550\"\/><\/a><\/figure>\n","protected":false},"excerpt":{"rendered":"<p>Kuti Ferenc Telefon: +36\/30\/535-1142 E-mail: kutif@multiszolg.hu informatikai t\u00e9m\u00e1val kapcsolatban keresse t\u00e1rsoldalunkat, kattintson ide:<\/p>\n","protected":false},"author":1,"featured_media":0,"parent":0,"menu_order":0,"comment_status":"closed","ping_status":"open","template":"","meta":{"footnotes":""},"class_list":["post-34","page","type-page","status-publish","hentry"],"_links":{"self":[{"href":"https:\/\/www.multiszolg.hu\/index.php?rest_route=\/wp\/v2\/pages\/34","targetHints":{"allow":["GET"]}}],"collection":[{"href":"https:\/\/www.multiszolg.hu\/index.php?rest_route=\/wp\/v2\/pages"}],"about":[{"href":"https:\/\/www.multiszolg.hu\/index.php?rest_route=\/wp\/v2\/types\/page"}],"author":[{"embeddable":true,"href":"https:\/\/www.multiszolg.hu\/index.php?rest_route=\/wp\/v2\/users\/1"}],"replies":[{"embeddable":true,"href":"https:\/\/www.multiszolg.hu\/index.php?rest_route=%2Fwp%2Fv2%2Fcomments&post=34"}],"version-history":[{"count":12,"href":"https:\/\/www.multiszolg.hu\/index.php?rest_route=\/wp\/v2\/pages\/34\/revisions"}],"predecessor-version":[{"id":624,"href":"https:\/\/www.multiszolg.hu\/index.php?rest_route=\/wp\/v2\/pages\/34\/revisions\/624"}],"wp:attachment":[{"href":"https:\/\/www.multiszolg.hu\/index.php?rest_route=%2Fwp%2Fv2%2Fmedia&parent=34"}],"curies":[{"name":"wp","href":"https:\/\/api.w.org\/{rel}","templated":true}]}}