{"id":36,"date":"2013-03-28T11:29:39","date_gmt":"2013-03-28T10:29:39","guid":{"rendered":"http:\/\/guid"},"modified":"2019-12-15T16:37:12","modified_gmt":"2019-12-15T15:37:12","slug":"ceginformacio","status":"publish","type":"page","link":"https:\/\/www.multiszolg.hu\/?page_id=36","title":{"rendered":"C\u00e9g\u00fcnkr\u0151l"},"content":{"rendered":"<h2><a href=\"http:\/\/www.multiszolg.hu\/wp-content\/uploads\/2013\/03\/mutiszolg_logo2.png\"><img loading=\"lazy\" decoding=\"async\" class=\"alignnone size-full wp-image-13\" src=\"http:\/\/www.multiszolg.hu\/wp-content\/uploads\/2013\/03\/mutiszolg_logo2.png\" alt=\"\" width=\"300\" height=\"76\" \/><\/a><\/h2>\n<p>Kor\u00e1bban informatika volt a c\u00e9g f\u0151 tev\u00e9kenys\u00e9ge, 2020 janu\u00e1r 1.-t\u0151l az informatikai tev\u00e9kenys\u00e9get a <a href=\"http:\/\/www.multiker.hu\/\">Kuti Multiker Bt.<\/a>-ben v\u00e9gezz\u00fck, k\u00e9rem l\u00e1togasson el hozz\u00e1nk:<\/p>\n<p><a href=\"http:\/\/www.multiker.hu\/\"><img loading=\"lazy\" decoding=\"async\" class=\"alignnone size-full wp-image-550\" src=\"http:\/\/www.multiszolg.hu\/wp-content\/uploads\/2019\/12\/multiker_logo_5.jpg\" alt=\"\" width=\"188\" height=\"56\" \/><\/a><\/p>\n<p>A\u00a0jelenleg a Multiszolg Bt. kiz\u00e1r\u00f3lag \u00fczlethelyis\u00e9gek kiad\u00e1s\u00e1val foglalkozik Szentesen.<\/p>\n","protected":false},"excerpt":{"rendered":"<p>Kor\u00e1bban informatika volt a c\u00e9g f\u0151 tev\u00e9kenys\u00e9ge, 2020 janu\u00e1r 1.-t\u0151l az informatikai tev\u00e9kenys\u00e9get a Kuti Multiker Bt.-ben v\u00e9gezz\u00fck, k\u00e9rem l\u00e1togasson el hozz\u00e1nk: A\u00a0jelenleg a Multiszolg Bt. kiz\u00e1r\u00f3lag \u00fczlethelyis\u00e9gek kiad\u00e1s\u00e1val foglalkozik Szentesen.<\/p>\n","protected":false},"author":1,"featured_media":0,"parent":0,"menu_order":0,"comment_status":"closed","ping_status":"open","template":"","meta":{"footnotes":""},"class_list":["post-36","page","type-page","status-publish","hentry"],"_links":{"self":[{"href":"https:\/\/www.multiszolg.hu\/index.php?rest_route=\/wp\/v2\/pages\/36","targetHints":{"allow":["GET"]}}],"collection":[{"href":"https:\/\/www.multiszolg.hu\/index.php?rest_route=\/wp\/v2\/pages"}],"about":[{"href":"https:\/\/www.multiszolg.hu\/index.php?rest_route=\/wp\/v2\/types\/page"}],"author":[{"embeddable":true,"href":"https:\/\/www.multiszolg.hu\/index.php?rest_route=\/wp\/v2\/users\/1"}],"replies":[{"embeddable":true,"href":"https:\/\/www.multiszolg.hu\/index.php?rest_route=%2Fwp%2Fv2%2Fcomments&post=36"}],"version-history":[{"count":15,"href":"https:\/\/www.multiszolg.hu\/index.php?rest_route=\/wp\/v2\/pages\/36\/revisions"}],"predecessor-version":[{"id":554,"href":"https:\/\/www.multiszolg.hu\/index.php?rest_route=\/wp\/v2\/pages\/36\/revisions\/554"}],"wp:attachment":[{"href":"https:\/\/www.multiszolg.hu\/index.php?rest_route=%2Fwp%2Fv2%2Fmedia&parent=36"}],"curies":[{"name":"wp","href":"https:\/\/api.w.org\/{rel}","templated":true}]}}